{"id":1178,"date":"2020-01-11T00:18:41","date_gmt":"2020-01-11T00:18:41","guid":{"rendered":"https:\/\/generaltrafo.hu\/?page_id=1178"},"modified":"2020-01-11T09:05:48","modified_gmt":"2020-01-11T09:05:48","slug":"profil-spolocnosti","status":"publish","type":"page","link":"https:\/\/generaltrafo.hu\/sk\/profil-spolocnosti\/","title":{"rendered":"Profil spolo\u010dnosti"},"content":{"rendered":"","protected":false},"excerpt":{"rendered":"","protected":false},"author":1,"featured_media":1179,"parent":0,"menu_order":0,"comment_status":"closed","ping_status":"closed","template":"","meta":{"footnotes":""},"yoast_head":"<!-- This site is optimized with the Yoast SEO plugin v21.5 - https:\/\/yoast.com\/wordpress\/plugins\/seo\/ -->\n<title>Profil spolo\u010dnosti &#183; Stub\u00e1n Gener\u00e1l Trafo Villamosg\u00e9pjav\u00edt\u00f3 Zrt<\/title>\n<meta name=\"robots\" content=\"index, follow, max-snippet:-1, max-image-preview:large, max-video-preview:-1\" \/>\n<link rel=\"canonical\" href=\"https:\/\/generaltrafo.hu\/sk\/profil-spolocnosti\/\" \/>\n<meta property=\"og:locale\" content=\"sk_SK\" \/>\n<meta property=\"og:type\" content=\"article\" \/>\n<meta property=\"og:title\" content=\"Profil spolo\u010dnosti &#183; Stub\u00e1n Gener\u00e1l Trafo Villamosg\u00e9pjav\u00edt\u00f3 Zrt\" \/>\n<meta property=\"og:url\" content=\"https:\/\/generaltrafo.hu\/sk\/profil-spolocnosti\/\" \/>\n<meta property=\"og:site_name\" content=\"Stub\u00e1n Gener\u00e1l Trafo Villamosg\u00e9pjav\u00edt\u00f3 Zrt\" \/>\n<meta property=\"article:modified_time\" content=\"2020-01-11T09:05:48+00:00\" \/>\n<meta property=\"og:image\" content=\"https:\/\/i0.wp.com\/generaltrafo.hu\/wp-content\/uploads\/2020\/01\/trafo-general-stuban-aram-villamossa\u0301g-zrt-budapest.jpg?fit=2048%2C1536&ssl=1\" \/>\n\t<meta property=\"og:image:width\" content=\"2048\" \/>\n\t<meta property=\"og:image:height\" content=\"1536\" \/>\n\t<meta property=\"og:image:type\" content=\"image\/jpeg\" \/>\n<meta name=\"twitter:card\" content=\"summary_large_image\" \/>\n<script type=\"application\/ld+json\" class=\"yoast-schema-graph\">{\"@context\":\"https:\/\/schema.org\",\"@graph\":[{\"@type\":\"WebPage\",\"@id\":\"https:\/\/generaltrafo.hu\/sk\/profil-spolocnosti\/\",\"url\":\"https:\/\/generaltrafo.hu\/sk\/profil-spolocnosti\/\",\"name\":\"Profil spolo\u010dnosti &#183; Stub\u00e1n Gener\u00e1l Trafo Villamosg\u00e9pjav\u00edt\u00f3 Zrt\",\"isPartOf\":{\"@id\":\"https:\/\/generaltrafo.hu\/#website\"},\"datePublished\":\"2020-01-11T00:18:41+00:00\",\"dateModified\":\"2020-01-11T09:05:48+00:00\",\"breadcrumb\":{\"@id\":\"https:\/\/generaltrafo.hu\/sk\/profil-spolocnosti\/#breadcrumb\"},\"inLanguage\":\"sk-SK\",\"potentialAction\":[{\"@type\":\"ReadAction\",\"target\":[\"https:\/\/generaltrafo.hu\/sk\/profil-spolocnosti\/\"]}]},{\"@type\":\"BreadcrumbList\",\"@id\":\"https:\/\/generaltrafo.hu\/sk\/profil-spolocnosti\/#breadcrumb\",\"itemListElement\":[{\"@type\":\"ListItem\",\"position\":1,\"name\":\"Home\",\"item\":\"https:\/\/generaltrafo.hu\/sk\/\"},{\"@type\":\"ListItem\",\"position\":2,\"name\":\"Profil spolo\u010dnosti\"}]},{\"@type\":\"WebSite\",\"@id\":\"https:\/\/generaltrafo.hu\/#website\",\"url\":\"https:\/\/generaltrafo.hu\/\",\"name\":\"Stub\u00e1n Gener\u00e1l Trafo Villamosg\u00e9pjav\u00edt\u00f3 Zrt\",\"description\":\"F\u0151 tev\u00e9kenys\u00e9g\u00fcnk az \u00e1rameloszt\u00f3, -szab\u00e1lyoz\u00f3 k\u00e9sz\u00fcl\u00e9k gy\u00e1rt\u00e1sa. Stub\u00e1n Gener\u00e1l Trafo\",\"publisher\":{\"@id\":\"https:\/\/generaltrafo.hu\/#organization\"},\"potentialAction\":[{\"@type\":\"SearchAction\",\"target\":{\"@type\":\"EntryPoint\",\"urlTemplate\":\"https:\/\/generaltrafo.hu\/?s={search_term_string}\"},\"query-input\":\"required name=search_term_string\"}],\"inLanguage\":\"sk-SK\"},{\"@type\":\"Organization\",\"@id\":\"https:\/\/generaltrafo.hu\/#organization\",\"name\":\"Stub\u00e1n Gener\u00e1l Trafo\",\"url\":\"https:\/\/generaltrafo.hu\/\",\"logo\":{\"@type\":\"ImageObject\",\"inLanguage\":\"sk-SK\",\"@id\":\"https:\/\/generaltrafo.hu\/#\/schema\/logo\/image\/\",\"url\":\"https:\/\/generaltrafo.hu\/wp-content\/uploads\/2020\/01\/circle-cropped.png\",\"contentUrl\":\"https:\/\/generaltrafo.hu\/wp-content\/uploads\/2020\/01\/circle-cropped.png\",\"width\":143,\"height\":143,\"caption\":\"Stub\u00e1n Gener\u00e1l Trafo\"},\"image\":{\"@id\":\"https:\/\/generaltrafo.hu\/#\/schema\/logo\/image\/\"}}]}<\/script>\n<!-- \/ Yoast SEO plugin. -->","yoast_head_json":{"title":"Profil spolo\u010dnosti &#183; Stub\u00e1n Gener\u00e1l Trafo Villamosg\u00e9pjav\u00edt\u00f3 Zrt","robots":{"index":"index","follow":"follow","max-snippet":"max-snippet:-1","max-image-preview":"max-image-preview:large","max-video-preview":"max-video-preview:-1"},"canonical":"https:\/\/generaltrafo.hu\/sk\/profil-spolocnosti\/","og_locale":"sk_SK","og_type":"article","og_title":"Profil spolo\u010dnosti &#183; Stub\u00e1n Gener\u00e1l Trafo Villamosg\u00e9pjav\u00edt\u00f3 Zrt","og_url":"https:\/\/generaltrafo.hu\/sk\/profil-spolocnosti\/","og_site_name":"Stub\u00e1n Gener\u00e1l Trafo Villamosg\u00e9pjav\u00edt\u00f3 Zrt","article_modified_time":"2020-01-11T09:05:48+00:00","og_image":[{"width":2048,"height":1536,"url":"https:\/\/i0.wp.com\/generaltrafo.hu\/wp-content\/uploads\/2020\/01\/trafo-general-stuban-aram-villamossa\u0301g-zrt-budapest.jpg?fit=2048%2C1536&ssl=1","type":"image\/jpeg"}],"twitter_card":"summary_large_image","schema":{"@context":"https:\/\/schema.org","@graph":[{"@type":"WebPage","@id":"https:\/\/generaltrafo.hu\/sk\/profil-spolocnosti\/","url":"https:\/\/generaltrafo.hu\/sk\/profil-spolocnosti\/","name":"Profil spolo\u010dnosti &#183; Stub\u00e1n Gener\u00e1l Trafo Villamosg\u00e9pjav\u00edt\u00f3 Zrt","isPartOf":{"@id":"https:\/\/generaltrafo.hu\/#website"},"datePublished":"2020-01-11T00:18:41+00:00","dateModified":"2020-01-11T09:05:48+00:00","breadcrumb":{"@id":"https:\/\/generaltrafo.hu\/sk\/profil-spolocnosti\/#breadcrumb"},"inLanguage":"sk-SK","potentialAction":[{"@type":"ReadAction","target":["https:\/\/generaltrafo.hu\/sk\/profil-spolocnosti\/"]}]},{"@type":"BreadcrumbList","@id":"https:\/\/generaltrafo.hu\/sk\/profil-spolocnosti\/#breadcrumb","itemListElement":[{"@type":"ListItem","position":1,"name":"Home","item":"https:\/\/generaltrafo.hu\/sk\/"},{"@type":"ListItem","position":2,"name":"Profil spolo\u010dnosti"}]},{"@type":"WebSite","@id":"https:\/\/generaltrafo.hu\/#website","url":"https:\/\/generaltrafo.hu\/","name":"Stub\u00e1n Gener\u00e1l Trafo Villamosg\u00e9pjav\u00edt\u00f3 Zrt","description":"F\u0151 tev\u00e9kenys\u00e9g\u00fcnk az \u00e1rameloszt\u00f3, -szab\u00e1lyoz\u00f3 k\u00e9sz\u00fcl\u00e9k gy\u00e1rt\u00e1sa. Stub\u00e1n Gener\u00e1l Trafo","publisher":{"@id":"https:\/\/generaltrafo.hu\/#organization"},"potentialAction":[{"@type":"SearchAction","target":{"@type":"EntryPoint","urlTemplate":"https:\/\/generaltrafo.hu\/?s={search_term_string}"},"query-input":"required name=search_term_string"}],"inLanguage":"sk-SK"},{"@type":"Organization","@id":"https:\/\/generaltrafo.hu\/#organization","name":"Stub\u00e1n Gener\u00e1l Trafo","url":"https:\/\/generaltrafo.hu\/","logo":{"@type":"ImageObject","inLanguage":"sk-SK","@id":"https:\/\/generaltrafo.hu\/#\/schema\/logo\/image\/","url":"https:\/\/generaltrafo.hu\/wp-content\/uploads\/2020\/01\/circle-cropped.png","contentUrl":"https:\/\/generaltrafo.hu\/wp-content\/uploads\/2020\/01\/circle-cropped.png","width":143,"height":143,"caption":"Stub\u00e1n Gener\u00e1l Trafo"},"image":{"@id":"https:\/\/generaltrafo.hu\/#\/schema\/logo\/image\/"}}]}},"_links":{"self":[{"href":"https:\/\/generaltrafo.hu\/sk\/wp-json\/wp\/v2\/pages\/1178"}],"collection":[{"href":"https:\/\/generaltrafo.hu\/sk\/wp-json\/wp\/v2\/pages"}],"about":[{"href":"https:\/\/generaltrafo.hu\/sk\/wp-json\/wp\/v2\/types\/page"}],"author":[{"embeddable":true,"href":"https:\/\/generaltrafo.hu\/sk\/wp-json\/wp\/v2\/users\/1"}],"replies":[{"embeddable":true,"href":"https:\/\/generaltrafo.hu\/sk\/wp-json\/wp\/v2\/comments?post=1178"}],"version-history":[{"count":5,"href":"https:\/\/generaltrafo.hu\/sk\/wp-json\/wp\/v2\/pages\/1178\/revisions"}],"predecessor-version":[{"id":1235,"href":"https:\/\/generaltrafo.hu\/sk\/wp-json\/wp\/v2\/pages\/1178\/revisions\/1235"}],"wp:featuredmedia":[{"embeddable":true,"href":"https:\/\/generaltrafo.hu\/sk\/wp-json\/wp\/v2\/media\/1179"}],"wp:attachment":[{"href":"https:\/\/generaltrafo.hu\/sk\/wp-json\/wp\/v2\/media?parent=1178"}],"curies":[{"name":"wp","href":"https:\/\/api.w.org\/{rel}","templated":true}]}}